{"id":1208,"date":"2024-05-03T17:22:54","date_gmt":"2024-05-03T17:22:54","guid":{"rendered":"https:\/\/lee-katzman.360air.io\/?page_id=1208"},"modified":"2025-12-22T21:08:30","modified_gmt":"2025-12-22T21:08:30","slug":"videos","status":"publish","type":"page","link":"https:\/\/sandiegocataractandlasik.com\/es\/videos\/","title":{"rendered":"V\u00eddeos"},"content":{"rendered":"<div data-elementor-type=\"wp-page\" data-elementor-id=\"1208\" class=\"elementor elementor-1208\" data-elementor-post-type=\"page\">\n\t\t\t\t<div class=\"elementor-element elementor-element-4a6c7f3 e-flex e-con-boxed e-con e-parent\" data-id=\"4a6c7f3\" data-element_type=\"container\" data-e-type=\"container\">\n\t\t\t\t\t<div class=\"e-con-inner\">\n\t\t<div class=\"elementor-element elementor-element-0a9b74a e-con-full e-flex e-con e-child\" data-id=\"0a9b74a\" data-element_type=\"container\" data-e-type=\"container\">\n\t\t<div class=\"elementor-element elementor-element-af34c45 e-con-full e-flex e-con e-child\" data-id=\"af34c45\" data-element_type=\"container\" data-e-type=\"container\">\n\t\t\t\t<div class=\"elementor-element elementor-element-fe755b3 elementor-widget elementor-widget-heading\" data-id=\"fe755b3\" data-element_type=\"widget\" data-e-type=\"widget\" data-widget_type=\"heading.default\">\n\t\t\t\t<div class=\"elementor-widget-container\">\n\t\t\t\t\t<h5 class=\"elementor-heading-title elementor-size-default\">Conozca al Dr. Katzman<\/h5>\t\t\t\t<\/div>\n\t\t\t\t<\/div>\n\t\t\t\t<div class=\"elementor-element elementor-element-1d09009 elementor-widget elementor-widget-video\" data-id=\"1d09009\" data-element_type=\"widget\" data-e-type=\"widget\" data-settings=\"{&quot;youtube_url&quot;:&quot;https:\\\/\\\/www.youtube.com\\\/watch?v=sqkIo0BIRRQ&quot;,&quot;show_image_overlay&quot;:&quot;yes&quot;,&quot;image_overlay&quot;:{&quot;url&quot;:&quot;https:\\\/\\\/sandiegocataractandlasik.com\\\/wp-content\\\/uploads\\\/2025\\\/08\\\/meet-dr-katzman.jpg&quot;,&quot;id&quot;:4477,&quot;size&quot;:&quot;&quot;,&quot;alt&quot;:&quot;&quot;,&quot;source&quot;:&quot;library&quot;},&quot;video_type&quot;:&quot;youtube&quot;,&quot;controls&quot;:&quot;yes&quot;}\" data-widget_type=\"video.default\">\n\t\t\t\t<div class=\"elementor-widget-container\">\n\t\t\t\t\t\t\t<div class=\"elementor-wrapper elementor-open-inline\">\n\t\t\t<div class=\"elementor-video\"><\/div>\t\t\t\t<div class=\"elementor-custom-embed-image-overlay\" style=\"background-image: url(https:\/\/sandiegocataractandlasik.com\/wp-content\/uploads\/2025\/08\/meet-dr-katzman.jpg);\">\n\t\t\t\t\t\t\t\t\t\t\t\t\t\t\t\t<div class=\"elementor-custom-embed-play\" role=\"button\" aria-label=\"Reproducir v\u00eddeo\" tabindex=\"0\">\n\t\t\t\t\t\t\t<svg aria-hidden=\"true\" class=\"e-font-icon-svg e-fas-play-circle\" viewbox=\"0 0 512 512\" xmlns=\"http:\/\/www.w3.org\/2000\/svg\"><path d=\"M256 8C119 8 8 119 8 256s111 248 248 248 248-111 248-248S393 8 256 8zm115.7 272l-176 101c-15.8 8.8-35.7-2.5-35.7-21V152c0-18.4 19.8-29.8 35.7-21l176 107c16.4 9.2 16.4 32.9 0 42z\"><\/path><\/svg>\t\t\t\t\t\t<\/div>\n\t\t\t\t\t\t\t\t\t<\/div>\n\t\t\t\t\t<\/div>\n\t\t\t\t\t\t<\/div>\n\t\t\t\t<\/div>\n\t\t\t\t<\/div>\n\t\t<div class=\"elementor-element elementor-element-e053d4f e-con-full e-flex e-con e-child\" data-id=\"e053d4f\" data-element_type=\"container\" data-e-type=\"container\">\n\t\t\t\t<div class=\"elementor-element elementor-element-5dc7ab4 elementor-widget elementor-widget-heading\" data-id=\"5dc7ab4\" data-element_type=\"widget\" data-e-type=\"widget\" data-widget_type=\"heading.default\">\n\t\t\t\t<div class=\"elementor-widget-container\">\n\t\t\t\t\t<h5 class=\"elementor-heading-title elementor-size-default\">Consulta previa de cataratas: lo que necesita saber<\/h5>\t\t\t\t<\/div>\n\t\t\t\t<\/div>\n\t\t\t\t<div class=\"elementor-element elementor-element-3160551 elementor-widget elementor-widget-video\" data-id=\"3160551\" data-element_type=\"widget\" data-e-type=\"widget\" data-settings=\"{&quot;youtube_url&quot;:&quot;https:\\\/\\\/www.youtube.com\\\/watch?v=1TApEjGm5G0&quot;,&quot;show_image_overlay&quot;:&quot;yes&quot;,&quot;image_overlay&quot;:{&quot;url&quot;:&quot;https:\\\/\\\/sandiegocataractandlasik.com\\\/wp-content\\\/uploads\\\/2025\\\/08\\\/Cataract-Pre-Consultation.jpg&quot;,&quot;id&quot;:4480,&quot;size&quot;:&quot;&quot;,&quot;alt&quot;:&quot;Cataract Pre-Consultation: What You Need to Know&quot;,&quot;source&quot;:&quot;library&quot;},&quot;video_type&quot;:&quot;youtube&quot;,&quot;controls&quot;:&quot;yes&quot;}\" data-widget_type=\"video.default\">\n\t\t\t\t<div class=\"elementor-widget-container\">\n\t\t\t\t\t\t\t<div class=\"elementor-wrapper elementor-open-inline\">\n\t\t\t<div class=\"elementor-video\"><\/div>\t\t\t\t<div class=\"elementor-custom-embed-image-overlay\" style=\"background-image: url(https:\/\/sandiegocataractandlasik.com\/wp-content\/uploads\/2025\/08\/Cataract-Pre-Consultation.jpg);\">\n\t\t\t\t\t\t\t\t\t\t\t\t\t\t\t\t<div class=\"elementor-custom-embed-play\" role=\"button\" aria-label=\"Reproducir v\u00eddeo sobre la consulta previa de cataratas: lo que necesita saber\" tabindex=\"0\">\n\t\t\t\t\t\t\t<svg aria-hidden=\"true\" class=\"e-font-icon-svg e-fas-play-circle\" viewbox=\"0 0 512 512\" xmlns=\"http:\/\/www.w3.org\/2000\/svg\"><path d=\"M256 8C119 8 8 119 8 256s111 248 248 248 248-111 248-248S393 8 256 8zm115.7 272l-176 101c-15.8 8.8-35.7-2.5-35.7-21V152c0-18.4 19.8-29.8 35.7-21l176 107c16.4 9.2 16.4 32.9 0 42z\"><\/path><\/svg>\t\t\t\t\t\t<\/div>\n\t\t\t\t\t\t\t\t\t<\/div>\n\t\t\t\t\t<\/div>\n\t\t\t\t\t\t<\/div>\n\t\t\t\t<\/div>\n\t\t\t\t<\/div>\n\t\t\t\t<\/div>\n\t\t<div class=\"elementor-element elementor-element-2f9389e e-con-full e-flex e-con e-child\" data-id=\"2f9389e\" data-element_type=\"container\" data-e-type=\"container\">\n\t\t<div class=\"elementor-element elementor-element-2349c3e e-con-full e-flex e-con e-child\" data-id=\"2349c3e\" data-element_type=\"container\" data-e-type=\"container\">\n\t\t\t\t<div class=\"elementor-element elementor-element-4bff5a3 elementor-widget elementor-widget-heading\" data-id=\"4bff5a3\" data-element_type=\"widget\" data-e-type=\"widget\" data-widget_type=\"heading.default\">\n\t\t\t\t<div class=\"elementor-widget-container\">\n\t\t\t\t\t<h5 class=\"elementor-heading-title elementor-size-default\">Los mejores procedimientos de correcci\u00f3n de la visi\u00f3n para personas mayores de 40 a\u00f1os<\/h5>\t\t\t\t<\/div>\n\t\t\t\t<\/div>\n\t\t\t\t<div class=\"elementor-element elementor-element-144890f elementor-widget elementor-widget-video\" data-id=\"144890f\" data-element_type=\"widget\" data-e-type=\"widget\" data-settings=\"{&quot;youtube_url&quot;:&quot;https:\\\/\\\/www.youtube.com\\\/watch?v=OnHckIXT0t0&quot;,&quot;show_image_overlay&quot;:&quot;yes&quot;,&quot;image_overlay&quot;:{&quot;url&quot;:&quot;https:\\\/\\\/sandiegocataractandlasik.com\\\/wp-content\\\/uploads\\\/2025\\\/08\\\/Best-Vision-Correction-Procedures-for-People-Over-40.jpg&quot;,&quot;id&quot;:4479,&quot;size&quot;:&quot;&quot;,&quot;alt&quot;:&quot;Best Vision Correction Procedures for People Over 40&quot;,&quot;source&quot;:&quot;library&quot;},&quot;video_type&quot;:&quot;youtube&quot;,&quot;controls&quot;:&quot;yes&quot;}\" data-widget_type=\"video.default\">\n\t\t\t\t<div class=\"elementor-widget-container\">\n\t\t\t\t\t\t\t<div class=\"elementor-wrapper elementor-open-inline\">\n\t\t\t<div class=\"elementor-video\"><\/div>\t\t\t\t<div class=\"elementor-custom-embed-image-overlay\" style=\"background-image: url(https:\/\/sandiegocataractandlasik.com\/wp-content\/uploads\/2025\/08\/Best-Vision-Correction-Procedures-for-People-Over-40.jpg);\">\n\t\t\t\t\t\t\t\t\t\t\t\t\t\t\t\t<div class=\"elementor-custom-embed-play\" role=\"button\" aria-label=\"Reproducir v\u00eddeo sobre los mejores procedimientos de correcci\u00f3n de la visi\u00f3n para personas mayores de 40 a\u00f1os\" tabindex=\"0\">\n\t\t\t\t\t\t\t<svg aria-hidden=\"true\" class=\"e-font-icon-svg e-fas-play-circle\" viewbox=\"0 0 512 512\" xmlns=\"http:\/\/www.w3.org\/2000\/svg\"><path d=\"M256 8C119 8 8 119 8 256s111 248 248 248 248-111 248-248S393 8 256 8zm115.7 272l-176 101c-15.8 8.8-35.7-2.5-35.7-21V152c0-18.4 19.8-29.8 35.7-21l176 107c16.4 9.2 16.4 32.9 0 42z\"><\/path><\/svg>\t\t\t\t\t\t<\/div>\n\t\t\t\t\t\t\t\t\t<\/div>\n\t\t\t\t\t<\/div>\n\t\t\t\t\t\t<\/div>\n\t\t\t\t<\/div>\n\t\t\t\t<\/div>\n\t\t<div class=\"elementor-element elementor-element-e8954e5 e-con-full e-flex e-con e-child\" data-id=\"e8954e5\" data-element_type=\"container\" data-e-type=\"container\">\n\t\t\t\t<div class=\"elementor-element elementor-element-c535a20 elementor-widget elementor-widget-heading\" data-id=\"c535a20\" data-element_type=\"widget\" data-e-type=\"widget\" data-widget_type=\"heading.default\">\n\t\t\t\t<div class=\"elementor-widget-container\">\n\t\t\t\t\t<h5 class=\"elementor-heading-title elementor-size-default\">Recupere su visi\u00f3n con precisi\u00f3n rob\u00f3tica<\/h5>\t\t\t\t<\/div>\n\t\t\t\t<\/div>\n\t\t\t\t<div class=\"elementor-element elementor-element-dc9189d elementor-widget elementor-widget-template\" data-id=\"dc9189d\" data-element_type=\"widget\" data-e-type=\"widget\" data-widget_type=\"template.default\">\n\t\t\t\t<div class=\"elementor-widget-container\">\n\t\t\t\t\t\t\t<div class=\"elementor-template\">\n\t\t\t\t\t<div data-elementor-type=\"section\" data-elementor-id=\"4153\" class=\"elementor elementor-4153\" data-elementor-post-type=\"elementor_library\">\n\t\t\t<div class=\"elementor-element elementor-element-c6f3204 e-flex e-con-boxed e-con e-parent\" data-id=\"c6f3204\" data-element_type=\"container\" data-e-type=\"container\">\n\t\t\t\t\t<div class=\"e-con-inner\">\n\t\t\t\t<div class=\"elementor-element elementor-element-c6a66f0 elementor-widget elementor-widget-html\" data-id=\"c6a66f0\" data-element_type=\"widget\" data-e-type=\"widget\" data-widget_type=\"html.default\">\n\t\t\t\t<div class=\"elementor-widget-container\">\n\t\t\t\t\t<div style=\"padding:56.25% 0 0 0;position:relative;\"><iframe src=\"https:\/\/player.vimeo.com\/video\/752560929?h=9c0d4b0aa5&amp;badge=0&amp;autopause=0&amp;player_id=0&amp;app_id=58479\" frameborder=\"0\" allow=\"autoplay; fullscreen; picture-in-picture; clipboard-write; encrypted-media\" style=\"position:absolute;top:0;left:0;width:100%;height:100%;\" title=\"50-00542-001 (A) V\u00eddeo educativo para pacientes con robot ALLY\"><\/iframe><\/div><script src=\"https:\/\/player.vimeo.com\/api\/player.js\"><\/script>\r\n\t\t\t\t<\/div>\n\t\t\t\t<\/div>\n\t\t\t\t\t<\/div>\n\t\t\t\t<\/div>\n\t\t\t\t<\/div>\n\t\t\t\t<\/div>\n\t\t\t\t\t\t<\/div>\n\t\t\t\t<\/div>\n\t\t\t\t<\/div>\n\t\t\t\t<\/div>\n\t\t\t\t\t<\/div>\n\t\t\t\t<\/div>\n\t\t\t\t<\/div>","protected":false},"excerpt":{"rendered":"<p>Conozca al Dr. Katzman Consulta previa de cataratas: lo que necesita saber Los mejores procedimientos de correcci\u00f3n de la visi\u00f3n para personas mayores de 40 a\u00f1os Restaure su visi\u00f3n con precisi\u00f3n rob\u00f3tica<\/p>","protected":false},"author":4,"featured_media":1431,"parent":0,"menu_order":0,"comment_status":"closed","ping_status":"closed","template":"","meta":{"footnotes":""},"class_list":["post-1208","page","type-page","status-publish","has-post-thumbnail","hentry"],"yoast_head":"<!-- This site is optimized with the Yoast SEO plugin v27.5 - https:\/\/yoast.com\/product\/yoast-seo-wordpress\/ -->\n<title>Videos | Alvarado Eye Associates | San Diego, CA<\/title>\n<meta name=\"description\" content=\"Dr. Lee R. Katzman explains common eye conditions and advanced surgical procedures available at our San Diego office. Watch now.\" \/>\n<meta name=\"robots\" content=\"index, follow, max-snippet:-1, max-image-preview:large, max-video-preview:-1\" \/>\n<link rel=\"canonical\" href=\"https:\/\/sandiegocataractandlasik.com\/es\/videos\/\" \/>\n<meta property=\"og:locale\" content=\"es_ES\" \/>\n<meta property=\"og:type\" content=\"article\" \/>\n<meta property=\"og:title\" content=\"Videos | Alvarado Eye Associates | San Diego, CA\" \/>\n<meta property=\"og:description\" content=\"Dr. Lee R. Katzman explains common eye conditions and advanced surgical procedures available at our San Diego office. Watch now.\" \/>\n<meta property=\"og:url\" content=\"https:\/\/sandiegocataractandlasik.com\/es\/videos\/\" \/>\n<meta property=\"og:site_name\" content=\"Alvarado Eye Associates\" \/>\n<meta property=\"article:modified_time\" content=\"2025-12-22T21:08:30+00:00\" \/>\n<meta property=\"og:image\" content=\"https:\/\/sandiegocataractandlasik.com\/wp-content\/uploads\/2025\/12\/San-Diego-Eye-Surgeon-videos-OG.jpg\" \/>\n\t<meta property=\"og:image:width\" content=\"1200\" \/>\n\t<meta property=\"og:image:height\" content=\"675\" \/>\n\t<meta property=\"og:image:type\" content=\"image\/jpeg\" \/>\n<meta name=\"twitter:card\" content=\"summary_large_image\" \/>\n<meta name=\"twitter:label1\" content=\"Est. reading time\" \/>\n\t<meta name=\"twitter:data1\" content=\"1 minuto\" \/>\n<script type=\"application\/ld+json\" class=\"yoast-schema-graph\">{\"@context\":\"https:\\\/\\\/schema.org\",\"@graph\":[{\"@type\":\"WebPage\",\"@id\":\"https:\\\/\\\/sandiegocataractandlasik.com\\\/videos\\\/\",\"url\":\"https:\\\/\\\/sandiegocataractandlasik.com\\\/videos\\\/\",\"name\":\"Videos | Alvarado Eye Associates | San Diego, CA\",\"isPartOf\":{\"@id\":\"https:\\\/\\\/sandiegocataractandlasik.com\\\/#website\"},\"primaryImageOfPage\":{\"@id\":\"https:\\\/\\\/sandiegocataractandlasik.com\\\/videos\\\/#primaryimage\"},\"image\":{\"@id\":\"https:\\\/\\\/sandiegocataractandlasik.com\\\/videos\\\/#primaryimage\"},\"thumbnailUrl\":\"https:\\\/\\\/sandiegocataractandlasik.com\\\/wp-content\\\/uploads\\\/2024\\\/05\\\/LKM001_Still_14-min.jpeg\",\"datePublished\":\"2024-05-03T17:22:54+00:00\",\"dateModified\":\"2025-12-22T21:08:30+00:00\",\"description\":\"Dr. Lee R. Katzman explains common eye conditions and advanced surgical procedures available at our San Diego office. Watch now.\",\"breadcrumb\":{\"@id\":\"https:\\\/\\\/sandiegocataractandlasik.com\\\/videos\\\/#breadcrumb\"},\"inLanguage\":\"es\",\"potentialAction\":[{\"@type\":\"ReadAction\",\"target\":[\"https:\\\/\\\/sandiegocataractandlasik.com\\\/videos\\\/\"]}]},{\"@type\":\"ImageObject\",\"inLanguage\":\"es\",\"@id\":\"https:\\\/\\\/sandiegocataractandlasik.com\\\/videos\\\/#primaryimage\",\"url\":\"https:\\\/\\\/sandiegocataractandlasik.com\\\/wp-content\\\/uploads\\\/2024\\\/05\\\/LKM001_Still_14-min.jpeg\",\"contentUrl\":\"https:\\\/\\\/sandiegocataractandlasik.com\\\/wp-content\\\/uploads\\\/2024\\\/05\\\/LKM001_Still_14-min.jpeg\",\"width\":1920,\"height\":1080,\"caption\":\"Dr. Lee Katzman Hugging patient\"},{\"@type\":\"BreadcrumbList\",\"@id\":\"https:\\\/\\\/sandiegocataractandlasik.com\\\/videos\\\/#breadcrumb\",\"itemListElement\":[{\"@type\":\"ListItem\",\"position\":1,\"name\":\"Home\",\"item\":\"https:\\\/\\\/sandiegocataractandlasik.com\\\/\"},{\"@type\":\"ListItem\",\"position\":2,\"name\":\"Videos\"}]},{\"@type\":\"WebSite\",\"@id\":\"https:\\\/\\\/sandiegocataractandlasik.com\\\/#website\",\"url\":\"https:\\\/\\\/sandiegocataractandlasik.com\\\/\",\"name\":\"Alvarado Eye Associates\",\"description\":\"Specializing in Cataracts, LASIK, and Eye Surgery\",\"publisher\":{\"@id\":\"https:\\\/\\\/sandiegocataractandlasik.com\\\/#organization\"},\"alternateName\":\"San Diego Eye Surgeon\",\"potentialAction\":[{\"@type\":\"SearchAction\",\"target\":{\"@type\":\"EntryPoint\",\"urlTemplate\":\"https:\\\/\\\/sandiegocataractandlasik.com\\\/?s={search_term_string}\"},\"query-input\":{\"@type\":\"PropertyValueSpecification\",\"valueRequired\":true,\"valueName\":\"search_term_string\"}}],\"inLanguage\":\"es\"},{\"@type\":\"Organization\",\"@id\":\"https:\\\/\\\/sandiegocataractandlasik.com\\\/#organization\",\"name\":\"Alvarado Eye Associates\",\"url\":\"https:\\\/\\\/sandiegocataractandlasik.com\\\/\",\"logo\":{\"@type\":\"ImageObject\",\"inLanguage\":\"es\",\"@id\":\"https:\\\/\\\/sandiegocataractandlasik.com\\\/#\\\/schema\\\/logo\\\/image\\\/\",\"url\":\"https:\\\/\\\/sandiegocataractandlasik.com\\\/wp-content\\\/uploads\\\/2022\\\/04\\\/logo-katzman@300x.png\",\"contentUrl\":\"https:\\\/\\\/sandiegocataractandlasik.com\\\/wp-content\\\/uploads\\\/2022\\\/04\\\/logo-katzman@300x.png\",\"width\":1933,\"height\":261,\"caption\":\"Alvarado Eye Associates\"},\"image\":{\"@id\":\"https:\\\/\\\/sandiegocataractandlasik.com\\\/#\\\/schema\\\/logo\\\/image\\\/\"}}]}<\/script>\n<!-- \/ Yoast SEO plugin. -->","yoast_head_json":{"title":"Videos | Alvarado Eye Associates | San Diego, CA","description":"El Dr. Lee R. Katzman explica afecciones oculares comunes y procedimientos quir\u00fargicos avanzados disponibles en nuestra cl\u00ednica de San Diego. M\u00edralo ahora.","robots":{"index":"index","follow":"follow","max-snippet":"max-snippet:-1","max-image-preview":"max-image-preview:large","max-video-preview":"max-video-preview:-1"},"canonical":"https:\/\/sandiegocataractandlasik.com\/es\/videos\/","og_locale":"es_ES","og_type":"article","og_title":"Videos | Alvarado Eye Associates | San Diego, CA","og_description":"Dr. Lee R. Katzman explains common eye conditions and advanced surgical procedures available at our San Diego office. Watch now.","og_url":"https:\/\/sandiegocataractandlasik.com\/es\/videos\/","og_site_name":"Alvarado Eye Associates","article_modified_time":"2025-12-22T21:08:30+00:00","og_image":[{"width":1200,"height":675,"url":"https:\/\/sandiegocataractandlasik.com\/wp-content\/uploads\/2025\/12\/San-Diego-Eye-Surgeon-videos-OG.jpg","type":"image\/jpeg"}],"twitter_card":"summary_large_image","twitter_misc":{"Est. reading time":"1 minuto"},"schema":{"@context":"https:\/\/schema.org","@graph":[{"@type":"WebPage","@id":"https:\/\/sandiegocataractandlasik.com\/videos\/","url":"https:\/\/sandiegocataractandlasik.com\/videos\/","name":"Videos | Alvarado Eye Associates | San Diego, CA","isPartOf":{"@id":"https:\/\/sandiegocataractandlasik.com\/#website"},"primaryImageOfPage":{"@id":"https:\/\/sandiegocataractandlasik.com\/videos\/#primaryimage"},"image":{"@id":"https:\/\/sandiegocataractandlasik.com\/videos\/#primaryimage"},"thumbnailUrl":"https:\/\/sandiegocataractandlasik.com\/wp-content\/uploads\/2024\/05\/LKM001_Still_14-min.jpeg","datePublished":"2024-05-03T17:22:54+00:00","dateModified":"2025-12-22T21:08:30+00:00","description":"El Dr. Lee R. Katzman explica afecciones oculares comunes y procedimientos quir\u00fargicos avanzados disponibles en nuestra cl\u00ednica de San Diego. M\u00edralo ahora.","breadcrumb":{"@id":"https:\/\/sandiegocataractandlasik.com\/videos\/#breadcrumb"},"inLanguage":"es","potentialAction":[{"@type":"ReadAction","target":["https:\/\/sandiegocataractandlasik.com\/videos\/"]}]},{"@type":"ImageObject","inLanguage":"es","@id":"https:\/\/sandiegocataractandlasik.com\/videos\/#primaryimage","url":"https:\/\/sandiegocataractandlasik.com\/wp-content\/uploads\/2024\/05\/LKM001_Still_14-min.jpeg","contentUrl":"https:\/\/sandiegocataractandlasik.com\/wp-content\/uploads\/2024\/05\/LKM001_Still_14-min.jpeg","width":1920,"height":1080,"caption":"Dr. Lee Katzman Hugging patient"},{"@type":"BreadcrumbList","@id":"https:\/\/sandiegocataractandlasik.com\/videos\/#breadcrumb","itemListElement":[{"@type":"ListItem","position":1,"name":"Home","item":"https:\/\/sandiegocataractandlasik.com\/"},{"@type":"ListItem","position":2,"name":"Videos"}]},{"@type":"WebSite","@id":"https:\/\/sandiegocataractandlasik.com\/#website","url":"https:\/\/sandiegocataractandlasik.com\/","name":"Asociados Oftalmol\u00f3gicos Alvarado","description":"Especializado en cataratas, LASIK y cirug\u00eda ocular.","publisher":{"@id":"https:\/\/sandiegocataractandlasik.com\/#organization"},"alternateName":"San Diego Eye Surgeon","potentialAction":[{"@type":"SearchAction","target":{"@type":"EntryPoint","urlTemplate":"https:\/\/sandiegocataractandlasik.com\/?s={search_term_string}"},"query-input":{"@type":"PropertyValueSpecification","valueRequired":true,"valueName":"search_term_string"}}],"inLanguage":"es"},{"@type":"Organization","@id":"https:\/\/sandiegocataractandlasik.com\/#organization","name":"Asociados Oftalmol\u00f3gicos Alvarado","url":"https:\/\/sandiegocataractandlasik.com\/","logo":{"@type":"ImageObject","inLanguage":"es","@id":"https:\/\/sandiegocataractandlasik.com\/#\/schema\/logo\/image\/","url":"https:\/\/sandiegocataractandlasik.com\/wp-content\/uploads\/2022\/04\/logo-katzman@300x.png","contentUrl":"https:\/\/sandiegocataractandlasik.com\/wp-content\/uploads\/2022\/04\/logo-katzman@300x.png","width":1933,"height":261,"caption":"Alvarado Eye Associates"},"image":{"@id":"https:\/\/sandiegocataractandlasik.com\/#\/schema\/logo\/image\/"}}]}},"_links":{"self":[{"href":"https:\/\/sandiegocataractandlasik.com\/es\/wp-json\/wp\/v2\/pages\/1208","targetHints":{"allow":["GET"]}}],"collection":[{"href":"https:\/\/sandiegocataractandlasik.com\/es\/wp-json\/wp\/v2\/pages"}],"about":[{"href":"https:\/\/sandiegocataractandlasik.com\/es\/wp-json\/wp\/v2\/types\/page"}],"author":[{"embeddable":true,"href":"https:\/\/sandiegocataractandlasik.com\/es\/wp-json\/wp\/v2\/users\/4"}],"replies":[{"embeddable":true,"href":"https:\/\/sandiegocataractandlasik.com\/es\/wp-json\/wp\/v2\/comments?post=1208"}],"version-history":[{"count":0,"href":"https:\/\/sandiegocataractandlasik.com\/es\/wp-json\/wp\/v2\/pages\/1208\/revisions"}],"wp:featuredmedia":[{"embeddable":true,"href":"https:\/\/sandiegocataractandlasik.com\/es\/wp-json\/wp\/v2\/media\/1431"}],"wp:attachment":[{"href":"https:\/\/sandiegocataractandlasik.com\/es\/wp-json\/wp\/v2\/media?parent=1208"}],"curies":[{"name":"wp","href":"https:\/\/api.w.org\/{rel}","templated":true}]}}