{"id":2163,"date":"2024-07-03T15:07:16","date_gmt":"2024-07-03T15:07:16","guid":{"rendered":"https:\/\/lee-katzman.360air.io\/?page_id=2163"},"modified":"2026-05-13T16:37:15","modified_gmt":"2026-05-13T16:37:15","slug":"technology","status":"publish","type":"page","link":"https:\/\/sandiegocataractandlasik.com\/es\/technology\/","title":{"rendered":"Tecnolog\u00eda"},"content":{"rendered":"<div data-elementor-type=\"wp-page\" data-elementor-id=\"2163\" class=\"elementor elementor-2163\" data-elementor-post-type=\"page\">\n\t\t\t\t<div class=\"elementor-element elementor-element-81c454d e-flex e-con-boxed e-con e-parent\" data-id=\"81c454d\" data-element_type=\"container\" data-e-type=\"container\" data-settings=\"{&quot;background_background&quot;:&quot;classic&quot;}\">\n\t\t\t\t\t<div class=\"e-con-inner\">\n\t\t<div class=\"elementor-element elementor-element-5ee8b29 e-flex e-con-boxed e-con e-child\" data-id=\"5ee8b29\" data-element_type=\"container\" data-e-type=\"container\">\n\t\t\t\t\t<div class=\"e-con-inner\">\n\t\t\t\t<div class=\"elementor-element elementor-element-5a55d12 elementor-widget elementor-widget-text-editor\" data-id=\"5a55d12\" data-element_type=\"widget\" data-e-type=\"widget\" data-widget_type=\"text-editor.default\">\n\t\t\t\t<div class=\"elementor-widget-container\">\n\t\t\t\t\t\t\t\t\t<p>En nuestra cl\u00ednica oftalmol\u00f3gica de vanguardia, nos dedicamos a brindar a nuestros pacientes la m\u00e1s alta calidad en atenci\u00f3n oftalmol\u00f3gica mediante el uso de tecnolog\u00edas avanzadas. Nuestro compromiso con la innovaci\u00f3n garantiza diagn\u00f3sticos precisos, tratamientos efectivos y resultados excepcionales para los pacientes. Explore las tecnolog\u00edas de vanguardia que utilizamos para mejorar su visi\u00f3n y salud ocular.<\/p>\t\t\t\t\t\t\t\t<\/div>\n\t\t\t\t<\/div>\n\t\t\t\t\t<\/div>\n\t\t\t\t<\/div>\n\t\t\t\t\t<\/div>\n\t\t\t\t<\/div>\n\t\t<div class=\"elementor-element elementor-element-0d5afaa e-flex e-con-boxed elementor-invisible e-con e-parent\" data-id=\"0d5afaa\" data-element_type=\"container\" data-e-type=\"container\" data-settings=\"{&quot;animation&quot;:&quot;fadeIn&quot;}\">\n\t\t\t\t\t<div class=\"e-con-inner\">\n\t\t<div class=\"elementor-element elementor-element-0b87ca1 e-con-full e-flex e-con e-child\" data-id=\"0b87ca1\" data-element_type=\"container\" data-e-type=\"container\" data-settings=\"{&quot;background_background&quot;:&quot;classic&quot;}\">\n\t\t\t\t<div class=\"elementor-element elementor-element-2d5d599 elementor-widget elementor-widget-heading\" data-id=\"2d5d599\" data-element_type=\"widget\" data-e-type=\"widget\" data-widget_type=\"heading.default\">\n\t\t\t\t<div class=\"elementor-widget-container\">\n\t\t\t\t\t<h3 class=\"elementor-heading-title elementor-size-default\">Tecnolog\u00eda LASIK<\/h3>\t\t\t\t<\/div>\n\t\t\t\t<\/div>\n\t\t\t\t<div class=\"elementor-element elementor-element-7707b2d elementor-widget elementor-widget-text-editor\" data-id=\"7707b2d\" data-element_type=\"widget\" data-e-type=\"widget\" data-widget_type=\"text-editor.default\">\n\t\t\t\t<div class=\"elementor-widget-container\">\n\t\t\t\t\t\t\t\t\t<p>Nuestra maquinaria LASIK de \u00faltima generaci\u00f3n utiliza la \u00faltima tecnolog\u00eda para brindar una correcci\u00f3n de la visi\u00f3n precisa y personalizada, garantizando los mejores resultados posibles para nuestros pacientes.<\/p><ul><li>Alcon CONTOURA LASIK<\/li><li>L\u00e1ser excimer Allegretto 500<\/li><li>L\u00e1ser de femtosegundo ZIEMER<\/li><\/ul>\t\t\t\t\t\t\t\t<\/div>\n\t\t\t\t<\/div>\n\t\t\t\t<\/div>\n\t\t<div class=\"elementor-element elementor-element-ef6307d e-con-full e-flex e-con e-child\" data-id=\"ef6307d\" data-element_type=\"container\" data-e-type=\"container\" data-settings=\"{&quot;background_background&quot;:&quot;classic&quot;}\">\n\t\t\t\t<\/div>\n\t\t\t\t\t<\/div>\n\t\t\t\t<\/div>\n\t\t<div class=\"elementor-element elementor-element-088daa1 e-flex e-con-boxed elementor-invisible e-con e-parent\" data-id=\"088daa1\" data-element_type=\"container\" data-e-type=\"container\" data-settings=\"{&quot;animation&quot;:&quot;fadeIn&quot;}\">\n\t\t\t\t\t<div class=\"e-con-inner\">\n\t\t<div class=\"elementor-element elementor-element-0a459eb e-con-full e-flex e-con e-child\" data-id=\"0a459eb\" data-element_type=\"container\" data-e-type=\"container\" data-settings=\"{&quot;background_background&quot;:&quot;classic&quot;}\">\n\t\t\t\t<\/div>\n\t\t<div class=\"elementor-element elementor-element-32347ef e-con-full e-flex e-con e-child\" data-id=\"32347ef\" data-element_type=\"container\" data-e-type=\"container\" data-settings=\"{&quot;background_background&quot;:&quot;classic&quot;}\">\n\t\t\t\t<div class=\"elementor-element elementor-element-052a567 elementor-widget elementor-widget-heading\" data-id=\"052a567\" data-element_type=\"widget\" data-e-type=\"widget\" data-widget_type=\"heading.default\">\n\t\t\t\t<div class=\"elementor-widget-container\">\n\t\t\t\t\t<h3 class=\"elementor-heading-title elementor-size-default\">Tecnolog\u00eda de cataratas<\/h3>\t\t\t\t<\/div>\n\t\t\t\t<\/div>\n\t\t\t\t<div class=\"elementor-element elementor-element-575146c elementor-widget elementor-widget-text-editor\" data-id=\"575146c\" data-element_type=\"widget\" data-e-type=\"widget\" data-widget_type=\"text-editor.default\">\n\t\t\t\t<div class=\"elementor-widget-container\">\n\t\t\t\t\t\t\t\t\tNuestra avanzada tecnolog\u00eda en cirug\u00eda de cataratas nos permite eliminar las cataratas con una precisi\u00f3n excepcional, ofreciendo a los pacientes un procedimiento m\u00e1s suave y una visi\u00f3n m\u00e1s clara con tiempos de recuperaci\u00f3n m\u00e1s r\u00e1pidos.\n<ul>\n \t<li>L\u00e1ser de femtosegundo LENSAR ALLY<\/li>\n \t<li>L\u00e1ser ALCON LENSX<\/li>\n \t<li>Analizador refractivo Alcon Optiwave (ORA)<\/li>\n<li>Alcon UNITY 4D Cataract Phacoemulsification System<\/li>\n<\/ul>\t\t\t\t\t\t\t\t<\/div>\n\t\t\t\t<\/div>\n\t\t\t\t<\/div>\n\t\t\t\t\t<\/div>\n\t\t\t\t<\/div>\n\t\t<div class=\"elementor-element elementor-element-2c914e0 e-flex e-con-boxed elementor-invisible e-con e-parent\" data-id=\"2c914e0\" data-element_type=\"container\" data-e-type=\"container\" data-settings=\"{&quot;animation&quot;:&quot;fadeIn&quot;}\">\n\t\t\t\t\t<div class=\"e-con-inner\">\n\t\t<div class=\"elementor-element elementor-element-fb038e3 e-con-full e-flex e-con e-child\" data-id=\"fb038e3\" data-element_type=\"container\" data-e-type=\"container\" data-settings=\"{&quot;background_background&quot;:&quot;classic&quot;}\">\n\t\t\t\t<div class=\"elementor-element elementor-element-ba5c96d elementor-widget elementor-widget-heading\" data-id=\"ba5c96d\" data-element_type=\"widget\" data-e-type=\"widget\" data-widget_type=\"heading.default\">\n\t\t\t\t<div class=\"elementor-widget-container\">\n\t\t\t\t\t<h3 class=\"elementor-heading-title elementor-size-default\">EVO ICL<\/h3>\t\t\t\t<\/div>\n\t\t\t\t<\/div>\n\t\t\t\t<div class=\"elementor-element elementor-element-92f79da elementor-widget elementor-widget-text-editor\" data-id=\"92f79da\" data-element_type=\"widget\" data-e-type=\"widget\" data-widget_type=\"text-editor.default\">\n\t\t\t\t<div class=\"elementor-widget-container\">\n\t\t\t\t\t\t\t\t\t<p>La lente de col\u00e1mero implantable EVO (EVO ICL) es una opci\u00f3n revolucionaria para la correcci\u00f3n de la visi\u00f3n para personas con miop\u00eda y astigmatismo de moderados a severos. A diferencia de las lentes de contacto tradicionales, la EVO ICL se implanta quir\u00fargicamente detr\u00e1s del iris, proporcionando una visi\u00f3n n\u00edtida y clara sin alterar la forma de la c\u00f3rnea. Esta lente biocompatible se integra armoniosamente con el ojo natural, ofreciendo una alternativa flexible y eficaz a las cirug\u00edas oculares con l\u00e1ser como LASIK.<\/p>\t\t\t\t\t\t\t\t<\/div>\n\t\t\t\t<\/div>\n\t\t\t\t<\/div>\n\t\t<div class=\"elementor-element elementor-element-a403371 e-con-full e-flex e-con e-child\" data-id=\"a403371\" data-element_type=\"container\" data-e-type=\"container\" data-settings=\"{&quot;background_background&quot;:&quot;classic&quot;}\">\n\t\t\t\t<\/div>\n\t\t\t\t\t<\/div>\n\t\t\t\t<\/div>\n\t\t<div class=\"elementor-element elementor-element-6fdf82e e-flex e-con-boxed elementor-invisible e-con e-parent\" data-id=\"6fdf82e\" data-element_type=\"container\" data-e-type=\"container\" data-settings=\"{&quot;animation&quot;:&quot;fadeIn&quot;}\">\n\t\t\t\t\t<div class=\"e-con-inner\">\n\t\t<div class=\"elementor-element elementor-element-c34d2c5 e-con-full e-flex e-con e-child\" data-id=\"c34d2c5\" data-element_type=\"container\" data-e-type=\"container\" data-settings=\"{&quot;background_background&quot;:&quot;classic&quot;}\">\n\t\t\t\t<\/div>\n\t\t<div class=\"elementor-element elementor-element-ed43768 e-con-full e-flex e-con e-child\" data-id=\"ed43768\" data-element_type=\"container\" data-e-type=\"container\" data-settings=\"{&quot;background_background&quot;:&quot;classic&quot;}\">\n\t\t\t\t<div class=\"elementor-element elementor-element-d8fdf7e elementor-widget elementor-widget-heading\" data-id=\"d8fdf7e\" data-element_type=\"widget\" data-e-type=\"widget\" data-widget_type=\"heading.default\">\n\t\t\t\t<div class=\"elementor-widget-container\">\n\t\t\t\t\t<h3 class=\"elementor-heading-title elementor-size-default\">Oficina de \u00faltima generaci\u00f3n<\/h3>\t\t\t\t<\/div>\n\t\t\t\t<\/div>\n\t\t\t\t<div class=\"elementor-element elementor-element-4d9d30f elementor-widget elementor-widget-text-editor\" data-id=\"4d9d30f\" data-element_type=\"widget\" data-e-type=\"widget\" data-widget_type=\"text-editor.default\">\n\t\t\t\t<div class=\"elementor-widget-container\">\n\t\t\t\t\t\t\t\t\t<p>Cada ubicaci\u00f3n est\u00e1 equipada con las \u00faltimas tecnolog\u00edas oft\u00e1lmicas y comodidades contempor\u00e1neas, creando un ambiente acogedor que prioriza su comodidad y conveniencia.\u00a0<\/p><ul><li>Tom\u00f3grafo CASSINI<\/li><li>Tom\u00f3grafo Gallilei 4 Ziemer<\/li><li>Tecnolog\u00edas Tracey ITRACE<\/li><li>Tomograf\u00eda de coherencia ocular ZEISS OCT<\/li><li>Bi\u00f3metro Haag Streit LENSTAR 900<\/li><\/ul>\t\t\t\t\t\t\t\t<\/div>\n\t\t\t\t<\/div>\n\t\t\t\t<\/div>\n\t\t\t\t\t<\/div>\n\t\t\t\t<\/div>\n\t\t<div class=\"elementor-element elementor-element-438e3b9 e-flex e-con-boxed elementor-invisible e-con e-parent\" data-id=\"438e3b9\" data-element_type=\"container\" data-e-type=\"container\" data-settings=\"{&quot;animation&quot;:&quot;fadeIn&quot;}\">\n\t\t\t\t\t<div class=\"e-con-inner\">\n\t\t<div class=\"elementor-element elementor-element-433df53 e-con-full e-flex e-con e-child\" data-id=\"433df53\" data-element_type=\"container\" data-e-type=\"container\" data-settings=\"{&quot;background_background&quot;:&quot;classic&quot;}\">\n\t\t\t\t<div class=\"elementor-element elementor-element-3e959e7 elementor-widget elementor-widget-heading\" data-id=\"3e959e7\" data-element_type=\"widget\" data-e-type=\"widget\" data-widget_type=\"heading.default\">\n\t\t\t\t<div class=\"elementor-widget-container\">\n\t\t\t\t\t<h3 class=\"elementor-heading-title elementor-size-default\">Topograf\u00eda corneal<\/h3>\t\t\t\t<\/div>\n\t\t\t\t<\/div>\n\t\t\t\t<div class=\"elementor-element elementor-element-cebd796 elementor-widget elementor-widget-text-editor\" data-id=\"cebd796\" data-element_type=\"widget\" data-e-type=\"widget\" data-widget_type=\"text-editor.default\">\n\t\t\t\t<div class=\"elementor-widget-container\">\n\t\t\t\t\t\t\t\t\t<p>La topograf\u00eda corneal proporciona un mapa detallado de la curvatura de la superficie corneal, esencial para el diagn\u00f3stico y el tratamiento de afecciones como el queratocono, el astigmatismo y otras irregularidades corneales. Esta tecnolog\u00eda tambi\u00e9n es invaluable para planificar y monitorear los resultados de cirug\u00edas refractivas como LASIK y PRK, garantizando resultados \u00f3ptimos y una mejor calidad de visi\u00f3n.<\/p>\t\t\t\t\t\t\t\t<\/div>\n\t\t\t\t<\/div>\n\t\t\t\t<\/div>\n\t\t<div class=\"elementor-element elementor-element-7ebd431 e-con-full e-flex e-con e-child\" data-id=\"7ebd431\" data-element_type=\"container\" data-e-type=\"container\" data-settings=\"{&quot;background_background&quot;:&quot;classic&quot;}\">\n\t\t\t\t<\/div>\n\t\t\t\t\t<\/div>\n\t\t\t\t<\/div>\n\t\t<div class=\"elementor-element elementor-element-8fc0e2b e-flex e-con-boxed elementor-invisible e-con e-parent\" data-id=\"8fc0e2b\" data-element_type=\"container\" data-e-type=\"container\" data-settings=\"{&quot;animation&quot;:&quot;fadeIn&quot;}\">\n\t\t\t\t\t<div class=\"e-con-inner\">\n\t\t<div class=\"elementor-element elementor-element-dcad8d9 e-con-full e-flex e-con e-child\" data-id=\"dcad8d9\" data-element_type=\"container\" data-e-type=\"container\" data-settings=\"{&quot;background_background&quot;:&quot;classic&quot;}\">\n\t\t\t\t<\/div>\n\t\t<div class=\"elementor-element elementor-element-02da10a e-con-full e-flex e-con e-child\" data-id=\"02da10a\" data-element_type=\"container\" data-e-type=\"container\" data-settings=\"{&quot;background_background&quot;:&quot;classic&quot;}\">\n\t\t\t\t<div class=\"elementor-element elementor-element-d5758c1 elementor-widget elementor-widget-heading\" data-id=\"d5758c1\" data-element_type=\"widget\" data-e-type=\"widget\" data-widget_type=\"heading.default\">\n\t\t\t\t<div class=\"elementor-widget-container\">\n\t\t\t\t\t<h3 class=\"elementor-heading-title elementor-size-default\">Analizadores de campo visual\n<\/h3>\t\t\t\t<\/div>\n\t\t\t\t<\/div>\n\t\t\t\t<div class=\"elementor-element elementor-element-4d593b3 elementor-widget elementor-widget-text-editor\" data-id=\"4d593b3\" data-element_type=\"widget\" data-e-type=\"widget\" data-widget_type=\"text-editor.default\">\n\t\t\t\t<div class=\"elementor-widget-container\">\n\t\t\t\t\t\t\t\t\t<p>Los analizadores de campo visual son herramientas esenciales para evaluar la visi\u00f3n perif\u00e9rica completa. Estos dispositivos ayudan a diagnosticar y monitorear afecciones como el glaucoma y trastornos neurol\u00f3gicos que pueden afectar el campo visual. Al mapear el campo visual, podemos detectar signos tempranos de da\u00f1o y brindar intervenciones oportunas para proteger la vista.<\/p>\t\t\t\t\t\t\t\t<\/div>\n\t\t\t\t<\/div>\n\t\t\t\t<\/div>\n\t\t\t\t\t<\/div>\n\t\t\t\t<\/div>\n\t\t<div class=\"elementor-element elementor-element-b5e7f47 e-flex e-con-boxed elementor-invisible e-con e-parent\" data-id=\"b5e7f47\" data-element_type=\"container\" data-e-type=\"container\" data-settings=\"{&quot;animation&quot;:&quot;fadeIn&quot;}\">\n\t\t\t\t\t<div class=\"e-con-inner\">\n\t\t<div class=\"elementor-element elementor-element-830f7d3 e-con-full e-flex e-con e-child\" data-id=\"830f7d3\" data-element_type=\"container\" data-e-type=\"container\" data-settings=\"{&quot;background_background&quot;:&quot;classic&quot;}\">\n\t\t\t\t<div class=\"elementor-element elementor-element-9563b38 elementor-widget elementor-widget-heading\" data-id=\"9563b38\" data-element_type=\"widget\" data-e-type=\"widget\" data-widget_type=\"heading.default\">\n\t\t\t\t<div class=\"elementor-widget-container\">\n\t\t\t\t\t<h3 class=\"elementor-heading-title elementor-size-default\">Premium Intraocular Lenses (IOLs) <\/h3>\t\t\t\t<\/div>\n\t\t\t\t<\/div>\n\t\t\t\t<div class=\"elementor-element elementor-element-b122f14 elementor-widget elementor-widget-text-editor\" data-id=\"b122f14\" data-element_type=\"widget\" data-e-type=\"widget\" data-widget_type=\"text-editor.default\">\n\t\t\t\t<div class=\"elementor-widget-container\">\n\t\t\t\t\t\t\t\t\t<p>As the highest volume implanter of premium intraocular lenses (IOLs) in San Diego County, we proudly offer the latest technologies available in the U.S., with Dr. Katzman often being the first to introduce these breakthroughs locally. This vast experience makes us an authority on best practices, ensuring we expertly match you with the ideal lens for your lifestyle, including:<\/p><ul><li>Monofocal Plus Lenses: J&amp;J TECNIS Eyhance\u2122 and Alcon Clareon\u00ae TruPlus\u2122<\/li><li>Toric Lenses: Customized options for precise astigmatism correction<\/li><li>Extended Depth of Focus (EDOF): J&amp;J TECNIS PureSee\u2122 and Alcon Vivity\u00ae<\/li><li>Multifocal Lenses: J&amp;J TECNIS Odyssey\u2122, Bausch + Lomb enVista\u00ae Envy\u2122, and Alcon PanOptix\u00ae Pro<\/li><li>Light Adjustable Lenses: RxSight\u00ae Light Adjustable Lens (LAL\u00ae)<\/li><\/ul>\t\t\t\t\t\t\t\t<\/div>\n\t\t\t\t<\/div>\n\t\t\t\t<\/div>\n\t\t<div class=\"elementor-element elementor-element-bcdb717 e-con-full e-flex e-con e-child\" data-id=\"bcdb717\" data-element_type=\"container\" data-e-type=\"container\" data-settings=\"{&quot;background_background&quot;:&quot;classic&quot;}\">\n\t\t\t\t<\/div>\n\t\t\t\t\t<\/div>\n\t\t\t\t<\/div>\n\t\t\t\t<\/div>","protected":false},"excerpt":{"rendered":"<p>Advanced eye care with cutting-edge technologies at our modern San Diego ophthalmology practice, ensuring precise diagnoses and exceptional treatment outcomes.<\/p>","protected":false},"author":171,"featured_media":2169,"parent":0,"menu_order":0,"comment_status":"closed","ping_status":"closed","template":"","meta":{"footnotes":""},"class_list":["post-2163","page","type-page","status-publish","has-post-thumbnail","hentry"],"yoast_head":"<!-- This site is optimized with the Yoast SEO plugin v27.5 - https:\/\/yoast.com\/product\/yoast-seo-wordpress\/ -->\n<title>Advanced Eye Surgery Technology in San Diego, CA<\/title>\n<meta name=\"description\" content=\"Explore the cutting-edge technologies utilized by Dr. Lee R. Katzman to enhance your vision and eye health.\" \/>\n<meta name=\"robots\" content=\"index, follow, max-snippet:-1, max-image-preview:large, max-video-preview:-1\" \/>\n<link rel=\"canonical\" href=\"https:\/\/sandiegocataractandlasik.com\/es\/technology\/\" \/>\n<meta property=\"og:locale\" content=\"es_ES\" \/>\n<meta property=\"og:type\" content=\"article\" \/>\n<meta property=\"og:title\" content=\"Advanced Eye Surgery Technology in San Diego, CA\" \/>\n<meta property=\"og:description\" content=\"Explore the cutting-edge technologies utilized by Dr. Lee R. Katzman to enhance your vision and eye health.\" \/>\n<meta property=\"og:url\" content=\"https:\/\/sandiegocataractandlasik.com\/es\/technology\/\" \/>\n<meta property=\"og:site_name\" content=\"Alvarado Eye Associates\" \/>\n<meta property=\"article:modified_time\" content=\"2026-05-13T16:37:15+00:00\" \/>\n<meta property=\"og:image\" content=\"https:\/\/sandiegocataractandlasik.com\/wp-content\/uploads\/2025\/12\/Ophthalmology-Technology-OG.jpg\" \/>\n\t<meta property=\"og:image:width\" content=\"1200\" \/>\n\t<meta property=\"og:image:height\" content=\"675\" \/>\n\t<meta property=\"og:image:type\" content=\"image\/jpeg\" \/>\n<meta name=\"twitter:card\" content=\"summary_large_image\" \/>\n<meta name=\"twitter:label1\" content=\"Est. reading time\" \/>\n\t<meta name=\"twitter:data1\" content=\"3 minutos\" \/>\n<script type=\"application\/ld+json\" class=\"yoast-schema-graph\">{\"@context\":\"https:\\\/\\\/schema.org\",\"@graph\":[{\"@type\":\"WebPage\",\"@id\":\"https:\\\/\\\/sandiegocataractandlasik.com\\\/technology\\\/\",\"url\":\"https:\\\/\\\/sandiegocataractandlasik.com\\\/technology\\\/\",\"name\":\"Advanced Eye Surgery Technology in San Diego, CA\",\"isPartOf\":{\"@id\":\"https:\\\/\\\/sandiegocataractandlasik.com\\\/#website\"},\"primaryImageOfPage\":{\"@id\":\"https:\\\/\\\/sandiegocataractandlasik.com\\\/technology\\\/#primaryimage\"},\"image\":{\"@id\":\"https:\\\/\\\/sandiegocataractandlasik.com\\\/technology\\\/#primaryimage\"},\"thumbnailUrl\":\"https:\\\/\\\/sandiegocataractandlasik.com\\\/wp-content\\\/uploads\\\/2024\\\/07\\\/shutterstock_325082780.jpg\",\"datePublished\":\"2024-07-03T15:07:16+00:00\",\"dateModified\":\"2026-05-13T16:37:15+00:00\",\"description\":\"Explore the cutting-edge technologies utilized by Dr. Lee R. Katzman to enhance your vision and eye health.\",\"breadcrumb\":{\"@id\":\"https:\\\/\\\/sandiegocataractandlasik.com\\\/technology\\\/#breadcrumb\"},\"inLanguage\":\"es\",\"potentialAction\":[{\"@type\":\"ReadAction\",\"target\":[\"https:\\\/\\\/sandiegocataractandlasik.com\\\/technology\\\/\"]}]},{\"@type\":\"ImageObject\",\"inLanguage\":\"es\",\"@id\":\"https:\\\/\\\/sandiegocataractandlasik.com\\\/technology\\\/#primaryimage\",\"url\":\"https:\\\/\\\/sandiegocataractandlasik.com\\\/wp-content\\\/uploads\\\/2024\\\/07\\\/shutterstock_325082780.jpg\",\"contentUrl\":\"https:\\\/\\\/sandiegocataractandlasik.com\\\/wp-content\\\/uploads\\\/2024\\\/07\\\/shutterstock_325082780.jpg\",\"width\":1920,\"height\":1278,\"caption\":\"Apparatus\"},{\"@type\":\"BreadcrumbList\",\"@id\":\"https:\\\/\\\/sandiegocataractandlasik.com\\\/technology\\\/#breadcrumb\",\"itemListElement\":[{\"@type\":\"ListItem\",\"position\":1,\"name\":\"Home\",\"item\":\"https:\\\/\\\/sandiegocataractandlasik.com\\\/\"},{\"@type\":\"ListItem\",\"position\":2,\"name\":\"Technology\"}]},{\"@type\":\"WebSite\",\"@id\":\"https:\\\/\\\/sandiegocataractandlasik.com\\\/#website\",\"url\":\"https:\\\/\\\/sandiegocataractandlasik.com\\\/\",\"name\":\"Alvarado Eye Associates\",\"description\":\"Specializing in Cataracts, LASIK, and Eye Surgery\",\"publisher\":{\"@id\":\"https:\\\/\\\/sandiegocataractandlasik.com\\\/#organization\"},\"alternateName\":\"San Diego Eye Surgeon\",\"potentialAction\":[{\"@type\":\"SearchAction\",\"target\":{\"@type\":\"EntryPoint\",\"urlTemplate\":\"https:\\\/\\\/sandiegocataractandlasik.com\\\/?s={search_term_string}\"},\"query-input\":{\"@type\":\"PropertyValueSpecification\",\"valueRequired\":true,\"valueName\":\"search_term_string\"}}],\"inLanguage\":\"es\"},{\"@type\":\"Organization\",\"@id\":\"https:\\\/\\\/sandiegocataractandlasik.com\\\/#organization\",\"name\":\"Alvarado Eye Associates\",\"url\":\"https:\\\/\\\/sandiegocataractandlasik.com\\\/\",\"logo\":{\"@type\":\"ImageObject\",\"inLanguage\":\"es\",\"@id\":\"https:\\\/\\\/sandiegocataractandlasik.com\\\/#\\\/schema\\\/logo\\\/image\\\/\",\"url\":\"https:\\\/\\\/sandiegocataractandlasik.com\\\/wp-content\\\/uploads\\\/2022\\\/04\\\/logo-katzman@300x.png\",\"contentUrl\":\"https:\\\/\\\/sandiegocataractandlasik.com\\\/wp-content\\\/uploads\\\/2022\\\/04\\\/logo-katzman@300x.png\",\"width\":1933,\"height\":261,\"caption\":\"Alvarado Eye Associates\"},\"image\":{\"@id\":\"https:\\\/\\\/sandiegocataractandlasik.com\\\/#\\\/schema\\\/logo\\\/image\\\/\"}}]}<\/script>\n<!-- \/ Yoast SEO plugin. -->","yoast_head_json":{"title":"Advanced Eye Surgery Technology in San Diego, CA","description":"Explore the cutting-edge technologies utilized by Dr. Lee R. Katzman to enhance your vision and eye health.","robots":{"index":"index","follow":"follow","max-snippet":"max-snippet:-1","max-image-preview":"max-image-preview:large","max-video-preview":"max-video-preview:-1"},"canonical":"https:\/\/sandiegocataractandlasik.com\/es\/technology\/","og_locale":"es_ES","og_type":"article","og_title":"Advanced Eye Surgery Technology in San Diego, CA","og_description":"Explore the cutting-edge technologies utilized by Dr. Lee R. Katzman to enhance your vision and eye health.","og_url":"https:\/\/sandiegocataractandlasik.com\/es\/technology\/","og_site_name":"Alvarado Eye Associates","article_modified_time":"2026-05-13T16:37:15+00:00","og_image":[{"width":1200,"height":675,"url":"https:\/\/sandiegocataractandlasik.com\/wp-content\/uploads\/2025\/12\/Ophthalmology-Technology-OG.jpg","type":"image\/jpeg"}],"twitter_card":"summary_large_image","twitter_misc":{"Est. reading time":"3 minutos"},"schema":{"@context":"https:\/\/schema.org","@graph":[{"@type":"WebPage","@id":"https:\/\/sandiegocataractandlasik.com\/technology\/","url":"https:\/\/sandiegocataractandlasik.com\/technology\/","name":"Advanced Eye Surgery Technology in San Diego, CA","isPartOf":{"@id":"https:\/\/sandiegocataractandlasik.com\/#website"},"primaryImageOfPage":{"@id":"https:\/\/sandiegocataractandlasik.com\/technology\/#primaryimage"},"image":{"@id":"https:\/\/sandiegocataractandlasik.com\/technology\/#primaryimage"},"thumbnailUrl":"https:\/\/sandiegocataractandlasik.com\/wp-content\/uploads\/2024\/07\/shutterstock_325082780.jpg","datePublished":"2024-07-03T15:07:16+00:00","dateModified":"2026-05-13T16:37:15+00:00","description":"Explore the cutting-edge technologies utilized by Dr. Lee R. Katzman to enhance your vision and eye health.","breadcrumb":{"@id":"https:\/\/sandiegocataractandlasik.com\/technology\/#breadcrumb"},"inLanguage":"es","potentialAction":[{"@type":"ReadAction","target":["https:\/\/sandiegocataractandlasik.com\/technology\/"]}]},{"@type":"ImageObject","inLanguage":"es","@id":"https:\/\/sandiegocataractandlasik.com\/technology\/#primaryimage","url":"https:\/\/sandiegocataractandlasik.com\/wp-content\/uploads\/2024\/07\/shutterstock_325082780.jpg","contentUrl":"https:\/\/sandiegocataractandlasik.com\/wp-content\/uploads\/2024\/07\/shutterstock_325082780.jpg","width":1920,"height":1278,"caption":"Apparatus"},{"@type":"BreadcrumbList","@id":"https:\/\/sandiegocataractandlasik.com\/technology\/#breadcrumb","itemListElement":[{"@type":"ListItem","position":1,"name":"Home","item":"https:\/\/sandiegocataractandlasik.com\/"},{"@type":"ListItem","position":2,"name":"Technology"}]},{"@type":"WebSite","@id":"https:\/\/sandiegocataractandlasik.com\/#website","url":"https:\/\/sandiegocataractandlasik.com\/","name":"Asociados Oftalmol\u00f3gicos Alvarado","description":"Especializado en cataratas, LASIK y cirug\u00eda ocular.","publisher":{"@id":"https:\/\/sandiegocataractandlasik.com\/#organization"},"alternateName":"San Diego Eye Surgeon","potentialAction":[{"@type":"SearchAction","target":{"@type":"EntryPoint","urlTemplate":"https:\/\/sandiegocataractandlasik.com\/?s={search_term_string}"},"query-input":{"@type":"PropertyValueSpecification","valueRequired":true,"valueName":"search_term_string"}}],"inLanguage":"es"},{"@type":"Organization","@id":"https:\/\/sandiegocataractandlasik.com\/#organization","name":"Asociados Oftalmol\u00f3gicos Alvarado","url":"https:\/\/sandiegocataractandlasik.com\/","logo":{"@type":"ImageObject","inLanguage":"es","@id":"https:\/\/sandiegocataractandlasik.com\/#\/schema\/logo\/image\/","url":"https:\/\/sandiegocataractandlasik.com\/wp-content\/uploads\/2022\/04\/logo-katzman@300x.png","contentUrl":"https:\/\/sandiegocataractandlasik.com\/wp-content\/uploads\/2022\/04\/logo-katzman@300x.png","width":1933,"height":261,"caption":"Alvarado Eye Associates"},"image":{"@id":"https:\/\/sandiegocataractandlasik.com\/#\/schema\/logo\/image\/"}}]}},"_links":{"self":[{"href":"https:\/\/sandiegocataractandlasik.com\/es\/wp-json\/wp\/v2\/pages\/2163","targetHints":{"allow":["GET"]}}],"collection":[{"href":"https:\/\/sandiegocataractandlasik.com\/es\/wp-json\/wp\/v2\/pages"}],"about":[{"href":"https:\/\/sandiegocataractandlasik.com\/es\/wp-json\/wp\/v2\/types\/page"}],"author":[{"embeddable":true,"href":"https:\/\/sandiegocataractandlasik.com\/es\/wp-json\/wp\/v2\/users\/171"}],"replies":[{"embeddable":true,"href":"https:\/\/sandiegocataractandlasik.com\/es\/wp-json\/wp\/v2\/comments?post=2163"}],"version-history":[{"count":0,"href":"https:\/\/sandiegocataractandlasik.com\/es\/wp-json\/wp\/v2\/pages\/2163\/revisions"}],"wp:featuredmedia":[{"embeddable":true,"href":"https:\/\/sandiegocataractandlasik.com\/es\/wp-json\/wp\/v2\/media\/2169"}],"wp:attachment":[{"href":"https:\/\/sandiegocataractandlasik.com\/es\/wp-json\/wp\/v2\/media?parent=2163"}],"curies":[{"name":"wp","href":"https:\/\/api.w.org\/{rel}","templated":true}]}}