{"id":4259,"date":"2025-03-31T13:26:59","date_gmt":"2025-03-31T13:26:59","guid":{"rendered":"https:\/\/sandiegocataractandlasik.com\/?page_id=4259"},"modified":"2025-07-25T18:55:58","modified_gmt":"2025-07-25T18:55:58","slug":"best-ambulatory-surgery-centers","status":"publish","type":"page","link":"https:\/\/sandiegocataractandlasik.com\/es\/best-ambulatory-surgery-centers\/","title":{"rendered":"Los mejores centros de cirug\u00eda ambulatoria"},"content":{"rendered":"<p>\u00a1Nos complace compartir que Specialist Surgery Center of Del Mar ha sido reconocido por US News &amp; World Report como uno de los mejores centros de cirug\u00eda ambulatoria del pa\u00eds!<\/p>\n\n\n\n<p>Como director m\u00e9dico durante los \u00faltimos 5 a\u00f1os, he tenido el privilegio de trabajar junto a un incre\u00edble equipo de enfermeras, personal, administradores y m\u00e9dicos, cada uno dedicado a brindar una atenci\u00f3n excepcional todos los d\u00edas.<\/p>\n\n\n\n<p>Este reconocimiento es la culminaci\u00f3n de a\u00f1os de arduo trabajo, compasi\u00f3n y excelencia. Los miles de pacientes que han confiado en nosotros y han compartido sus comentarios han confirmado lo que ya cre\u00eda: somos el mejor destino para la cirug\u00eda de cataratas en San Diego.<\/p>\n\n\n\n<p>La palabra orgullo ni siquiera alcanza para describirlo.<\/p>","protected":false},"excerpt":{"rendered":"<p>Thrilled to share that Specialist Surgery Center of Del Mar has been recognized by U.S. News &amp; World Report as one of the Best Ambulatory Surgery Centers in the nation! As Medical Director for the past 5+ years, I\u2019ve had the privilege of working alongside an incredible team of nurses, staff, administrators, and physicians\u2014each one [&hellip;]<\/p>\n","protected":false},"author":171,"featured_media":4265,"parent":0,"menu_order":0,"comment_status":"closed","ping_status":"closed","template":"","meta":{"footnotes":""},"class_list":["post-4259","page","type-page","status-publish","has-post-thumbnail","hentry"],"yoast_head":"<!-- This site is optimized with the Yoast SEO plugin v27.0 - https:\/\/yoast.com\/product\/yoast-seo-wordpress\/ -->\n<title>Best Ambulatory Surgery Centers in San Diego, CA<\/title>\n<meta name=\"description\" content=\"Specialist Surgery Center of Del Mar has been recognized as one of the Best Ambulatory Surgery Centers in the nation!\" \/>\n<meta name=\"robots\" content=\"index, follow, max-snippet:-1, max-image-preview:large, max-video-preview:-1\" \/>\n<link rel=\"canonical\" href=\"https:\/\/sandiegocataractandlasik.com\/es\/best-ambulatory-surgery-centers\/\" \/>\n<meta property=\"og:locale\" content=\"es_ES\" \/>\n<meta property=\"og:type\" content=\"article\" \/>\n<meta property=\"og:title\" content=\"Best Ambulatory Surgery Centers in San Diego, CA\" \/>\n<meta property=\"og:description\" content=\"Specialist Surgery Center of Del Mar has been recognized as one of the Best Ambulatory Surgery Centers in the nation!\" \/>\n<meta property=\"og:url\" content=\"https:\/\/sandiegocataractandlasik.com\/es\/best-ambulatory-surgery-centers\/\" \/>\n<meta property=\"og:site_name\" content=\"Alvarado Eye Associates\" \/>\n<meta property=\"article:modified_time\" content=\"2025-07-25T18:55:58+00:00\" \/>\n<meta property=\"og:image\" content=\"https:\/\/sandiegocataractandlasik.com\/wp-content\/uploads\/2025\/03\/Best.jpg\" \/>\n\t<meta property=\"og:image:width\" content=\"1000\" \/>\n\t<meta property=\"og:image:height\" content=\"1092\" \/>\n\t<meta property=\"og:image:type\" content=\"image\/jpeg\" \/>\n<meta name=\"twitter:card\" content=\"summary_large_image\" \/>\n<meta name=\"twitter:label1\" content=\"Est. reading time\" \/>\n\t<meta name=\"twitter:data1\" content=\"1 minuto\" \/>\n<script type=\"application\/ld+json\" class=\"yoast-schema-graph\">{\"@context\":\"https:\/\/schema.org\",\"@graph\":[{\"@type\":\"WebPage\",\"@id\":\"https:\/\/sandiegocataractandlasik.com\/best-ambulatory-surgery-centers\/\",\"url\":\"https:\/\/sandiegocataractandlasik.com\/best-ambulatory-surgery-centers\/\",\"name\":\"Best Ambulatory Surgery Centers in San Diego, CA\",\"isPartOf\":{\"@id\":\"https:\/\/sandiegocataractandlasik.com\/#website\"},\"primaryImageOfPage\":{\"@id\":\"https:\/\/sandiegocataractandlasik.com\/best-ambulatory-surgery-centers\/#primaryimage\"},\"image\":{\"@id\":\"https:\/\/sandiegocataractandlasik.com\/best-ambulatory-surgery-centers\/#primaryimage\"},\"thumbnailUrl\":\"https:\/\/sandiegocataractandlasik.com\/wp-content\/uploads\/2025\/03\/Best.jpg\",\"datePublished\":\"2025-03-31T13:26:59+00:00\",\"dateModified\":\"2025-07-25T18:55:58+00:00\",\"description\":\"Specialist Surgery Center of Del Mar has been recognized as one of the Best Ambulatory Surgery Centers in the nation!\",\"breadcrumb\":{\"@id\":\"https:\/\/sandiegocataractandlasik.com\/best-ambulatory-surgery-centers\/#breadcrumb\"},\"inLanguage\":\"es\",\"potentialAction\":[{\"@type\":\"ReadAction\",\"target\":[\"https:\/\/sandiegocataractandlasik.com\/best-ambulatory-surgery-centers\/\"]}]},{\"@type\":\"ImageObject\",\"inLanguage\":\"es\",\"@id\":\"https:\/\/sandiegocataractandlasik.com\/best-ambulatory-surgery-centers\/#primaryimage\",\"url\":\"https:\/\/sandiegocataractandlasik.com\/wp-content\/uploads\/2025\/03\/Best.jpg\",\"contentUrl\":\"https:\/\/sandiegocataractandlasik.com\/wp-content\/uploads\/2025\/03\/Best.jpg\",\"width\":1000,\"height\":1092},{\"@type\":\"BreadcrumbList\",\"@id\":\"https:\/\/sandiegocataractandlasik.com\/best-ambulatory-surgery-centers\/#breadcrumb\",\"itemListElement\":[{\"@type\":\"ListItem\",\"position\":1,\"name\":\"Home\",\"item\":\"https:\/\/sandiegocataractandlasik.com\/\"},{\"@type\":\"ListItem\",\"position\":2,\"name\":\"Best Ambulatory Surgery Centers\"}]},{\"@type\":\"WebSite\",\"@id\":\"https:\/\/sandiegocataractandlasik.com\/#website\",\"url\":\"https:\/\/sandiegocataractandlasik.com\/\",\"name\":\"Alvarado Eye Associates\",\"description\":\"Specializing in Cataracts, LASIK, and Eye Surgery\",\"publisher\":{\"@id\":\"https:\/\/sandiegocataractandlasik.com\/#organization\"},\"alternateName\":\"San Diego Eye Surgeon\",\"potentialAction\":[{\"@type\":\"SearchAction\",\"target\":{\"@type\":\"EntryPoint\",\"urlTemplate\":\"https:\/\/sandiegocataractandlasik.com\/?s={search_term_string}\"},\"query-input\":{\"@type\":\"PropertyValueSpecification\",\"valueRequired\":true,\"valueName\":\"search_term_string\"}}],\"inLanguage\":\"es\"},{\"@type\":\"Organization\",\"@id\":\"https:\/\/sandiegocataractandlasik.com\/#organization\",\"name\":\"Alvarado Eye Associates\",\"url\":\"https:\/\/sandiegocataractandlasik.com\/\",\"logo\":{\"@type\":\"ImageObject\",\"inLanguage\":\"es\",\"@id\":\"https:\/\/sandiegocataractandlasik.com\/#\/schema\/logo\/image\/\",\"url\":\"https:\/\/sandiegocataractandlasik.com\/wp-content\/uploads\/2022\/04\/logo-katzman@300x.png\",\"contentUrl\":\"https:\/\/sandiegocataractandlasik.com\/wp-content\/uploads\/2022\/04\/logo-katzman@300x.png\",\"width\":1933,\"height\":261,\"caption\":\"Alvarado Eye Associates\"},\"image\":{\"@id\":\"https:\/\/sandiegocataractandlasik.com\/#\/schema\/logo\/image\/\"}}]}<\/script>\n<!-- \/ Yoast SEO plugin. -->","yoast_head_json":{"title":"Best Ambulatory Surgery Centers in San Diego, CA","description":"Specialist Surgery Center of Del Mar has been recognized as one of the Best Ambulatory Surgery Centers in the nation!","robots":{"index":"index","follow":"follow","max-snippet":"max-snippet:-1","max-image-preview":"max-image-preview:large","max-video-preview":"max-video-preview:-1"},"canonical":"https:\/\/sandiegocataractandlasik.com\/es\/best-ambulatory-surgery-centers\/","og_locale":"es_ES","og_type":"article","og_title":"Best Ambulatory Surgery Centers in San Diego, CA","og_description":"Specialist Surgery Center of Del Mar has been recognized as one of the Best Ambulatory Surgery Centers in the nation!","og_url":"https:\/\/sandiegocataractandlasik.com\/es\/best-ambulatory-surgery-centers\/","og_site_name":"Alvarado Eye Associates","article_modified_time":"2025-07-25T18:55:58+00:00","og_image":[{"width":1000,"height":1092,"url":"https:\/\/sandiegocataractandlasik.com\/wp-content\/uploads\/2025\/03\/Best.jpg","type":"image\/jpeg"}],"twitter_card":"summary_large_image","twitter_misc":{"Est. reading time":"1 minuto"},"schema":{"@context":"https:\/\/schema.org","@graph":[{"@type":"WebPage","@id":"https:\/\/sandiegocataractandlasik.com\/best-ambulatory-surgery-centers\/","url":"https:\/\/sandiegocataractandlasik.com\/best-ambulatory-surgery-centers\/","name":"Best Ambulatory Surgery Centers in San Diego, CA","isPartOf":{"@id":"https:\/\/sandiegocataractandlasik.com\/#website"},"primaryImageOfPage":{"@id":"https:\/\/sandiegocataractandlasik.com\/best-ambulatory-surgery-centers\/#primaryimage"},"image":{"@id":"https:\/\/sandiegocataractandlasik.com\/best-ambulatory-surgery-centers\/#primaryimage"},"thumbnailUrl":"https:\/\/sandiegocataractandlasik.com\/wp-content\/uploads\/2025\/03\/Best.jpg","datePublished":"2025-03-31T13:26:59+00:00","dateModified":"2025-07-25T18:55:58+00:00","description":"Specialist Surgery Center of Del Mar has been recognized as one of the Best Ambulatory Surgery Centers in the nation!","breadcrumb":{"@id":"https:\/\/sandiegocataractandlasik.com\/best-ambulatory-surgery-centers\/#breadcrumb"},"inLanguage":"es","potentialAction":[{"@type":"ReadAction","target":["https:\/\/sandiegocataractandlasik.com\/best-ambulatory-surgery-centers\/"]}]},{"@type":"ImageObject","inLanguage":"es","@id":"https:\/\/sandiegocataractandlasik.com\/best-ambulatory-surgery-centers\/#primaryimage","url":"https:\/\/sandiegocataractandlasik.com\/wp-content\/uploads\/2025\/03\/Best.jpg","contentUrl":"https:\/\/sandiegocataractandlasik.com\/wp-content\/uploads\/2025\/03\/Best.jpg","width":1000,"height":1092},{"@type":"BreadcrumbList","@id":"https:\/\/sandiegocataractandlasik.com\/best-ambulatory-surgery-centers\/#breadcrumb","itemListElement":[{"@type":"ListItem","position":1,"name":"Home","item":"https:\/\/sandiegocataractandlasik.com\/"},{"@type":"ListItem","position":2,"name":"Best Ambulatory Surgery Centers"}]},{"@type":"WebSite","@id":"https:\/\/sandiegocataractandlasik.com\/#website","url":"https:\/\/sandiegocataractandlasik.com\/","name":"Asociados Oftalmol\u00f3gicos Alvarado","description":"Especializado en cataratas, LASIK y cirug\u00eda ocular.","publisher":{"@id":"https:\/\/sandiegocataractandlasik.com\/#organization"},"alternateName":"San Diego Eye Surgeon","potentialAction":[{"@type":"SearchAction","target":{"@type":"EntryPoint","urlTemplate":"https:\/\/sandiegocataractandlasik.com\/?s={search_term_string}"},"query-input":{"@type":"PropertyValueSpecification","valueRequired":true,"valueName":"search_term_string"}}],"inLanguage":"es"},{"@type":"Organization","@id":"https:\/\/sandiegocataractandlasik.com\/#organization","name":"Asociados Oftalmol\u00f3gicos Alvarado","url":"https:\/\/sandiegocataractandlasik.com\/","logo":{"@type":"ImageObject","inLanguage":"es","@id":"https:\/\/sandiegocataractandlasik.com\/#\/schema\/logo\/image\/","url":"https:\/\/sandiegocataractandlasik.com\/wp-content\/uploads\/2022\/04\/logo-katzman@300x.png","contentUrl":"https:\/\/sandiegocataractandlasik.com\/wp-content\/uploads\/2022\/04\/logo-katzman@300x.png","width":1933,"height":261,"caption":"Alvarado Eye Associates"},"image":{"@id":"https:\/\/sandiegocataractandlasik.com\/#\/schema\/logo\/image\/"}}]}},"_links":{"self":[{"href":"https:\/\/sandiegocataractandlasik.com\/es\/wp-json\/wp\/v2\/pages\/4259","targetHints":{"allow":["GET"]}}],"collection":[{"href":"https:\/\/sandiegocataractandlasik.com\/es\/wp-json\/wp\/v2\/pages"}],"about":[{"href":"https:\/\/sandiegocataractandlasik.com\/es\/wp-json\/wp\/v2\/types\/page"}],"author":[{"embeddable":true,"href":"https:\/\/sandiegocataractandlasik.com\/es\/wp-json\/wp\/v2\/users\/171"}],"replies":[{"embeddable":true,"href":"https:\/\/sandiegocataractandlasik.com\/es\/wp-json\/wp\/v2\/comments?post=4259"}],"version-history":[{"count":0,"href":"https:\/\/sandiegocataractandlasik.com\/es\/wp-json\/wp\/v2\/pages\/4259\/revisions"}],"wp:featuredmedia":[{"embeddable":true,"href":"https:\/\/sandiegocataractandlasik.com\/es\/wp-json\/wp\/v2\/media\/4265"}],"wp:attachment":[{"href":"https:\/\/sandiegocataractandlasik.com\/es\/wp-json\/wp\/v2\/media?parent=4259"}],"curies":[{"name":"wp","href":"https:\/\/api.w.org\/{rel}","templated":true}]}}